{"id":5,"date":"2020-03-14T00:08:27","date_gmt":"2020-03-14T05:08:27","guid":{"rendered":"https:\/\/premiobpg.pe\/participa\/?page_id=5"},"modified":"2026-03-23T09:34:51","modified_gmt":"2026-03-23T14:34:51","slug":"inicio","status":"publish","type":"page","link":"https:\/\/premiobpg.pe\/participa\/","title":{"rendered":"Inicio"},"content":{"rendered":"<h4>Introducci\u00f3n<\/h4>\n<p>Con la finalidad de facilitar el proceso de inscripci\u00f3n a la edici\u00f3n 2026 del Premio, hemos implementado esta plataforma web.<\/p>\n<p>El presente formulario contiene la informaci\u00f3n necesaria para poder presentar su solicitud de inscripci\u00f3n virtual, el cual deber\u00e1 ser completado en su totalidad.<\/p>\n<p><span style=\"font-weight: 400;\">Previo a completar la informaci\u00f3n solicitada, recuerde que la entidad postulante puede participar en alguna de las siguientes modalidades:<\/span><\/p>\n<p><strong>I.<\/strong> Eligiendo una o m\u00e1s categor\u00edas, seg\u00fan la relaci\u00f3n incluida en el Anexo A de las Bases del Premio<\/p>\n<p><strong>II.<\/strong> <span style=\"font-weight: 400;\">Adicional a ello, eligiendo el Premio Especial de Datos Abiertos en la Gesti\u00f3n P\u00fablica, Premio Especial a la Innovaci\u00f3n P\u00fablica y\/o Premio Especial a la Mejora Continua.<\/span><\/p>\n<p><strong>III.<\/strong> Solo en el Premio Especial a la Mejora Continua.<\/p>\n<p>Para ello, deber\u00e1 tomar en cuenta lo siguiente:<\/p>\n","protected":false},"excerpt":{"rendered":"<p>Introducci\u00f3n Con la finalidad de facilitar el proceso de inscripci\u00f3n a la edici\u00f3n 2026 del Premio, hemos implementado esta plataforma web. El presente formulario contiene la informaci\u00f3n necesaria para poder presentar su solicitud de inscripci\u00f3n virtual, el cual deber\u00e1 ser completado en su totalidad. Previo a completar la informaci\u00f3n solicitada, recuerde que la entidad postulante [&hellip;]<\/p>\n","protected":false},"author":1,"featured_media":0,"parent":0,"menu_order":0,"comment_status":"closed","ping_status":"closed","template":"","meta":{"footnotes":""},"class_list":["post-5","page","type-page","status-publish","hentry"],"acf":[],"_links":{"self":[{"href":"https:\/\/premiobpg.pe\/participa\/wp-json\/wp\/v2\/pages\/5","targetHints":{"allow":["GET"]}}],"collection":[{"href":"https:\/\/premiobpg.pe\/participa\/wp-json\/wp\/v2\/pages"}],"about":[{"href":"https:\/\/premiobpg.pe\/participa\/wp-json\/wp\/v2\/types\/page"}],"author":[{"embeddable":true,"href":"https:\/\/premiobpg.pe\/participa\/wp-json\/wp\/v2\/users\/1"}],"replies":[{"embeddable":true,"href":"https:\/\/premiobpg.pe\/participa\/wp-json\/wp\/v2\/comments?post=5"}],"version-history":[{"count":6,"href":"https:\/\/premiobpg.pe\/participa\/wp-json\/wp\/v2\/pages\/5\/revisions"}],"predecessor-version":[{"id":164,"href":"https:\/\/premiobpg.pe\/participa\/wp-json\/wp\/v2\/pages\/5\/revisions\/164"}],"wp:attachment":[{"href":"https:\/\/premiobpg.pe\/participa\/wp-json\/wp\/v2\/media?parent=5"}],"curies":[{"name":"wp","href":"https:\/\/api.w.org\/{rel}","templated":true}]}}